{"id":55,"date":"2024-01-23T19:58:22","date_gmt":"2024-01-23T19:58:22","guid":{"rendered":"http:\/\/spinlights.de\/?page_id=55"},"modified":"2024-01-24T20:26:48","modified_gmt":"2024-01-24T20:26:48","slug":"impressum","status":"publish","type":"page","link":"https:\/\/spinlights.de\/?page_id=55","title":{"rendered":"Impressum"},"content":{"rendered":"\t\t<div data-elementor-type=\"wp-page\" data-elementor-id=\"55\" class=\"elementor elementor-55\">\n\t\t\t\t<div class=\"elementor-element elementor-element-54ad44a e-flex e-con-boxed e-con e-parent\" data-id=\"54ad44a\" data-element_type=\"container\">\n\t\t\t\t\t<div class=\"e-con-inner\">\n\t\t\t\t<div class=\"elementor-element elementor-element-51c45ca elementor-widget elementor-widget-heading\" data-id=\"51c45ca\" data-element_type=\"widget\" data-widget_type=\"heading.default\">\n\t\t\t\t<div class=\"elementor-widget-container\">\n\t\t\t\t\t<h2 class=\"elementor-heading-title elementor-size-xl\">Impressum<\/h2>\t\t\t\t<\/div>\n\t\t\t\t<\/div>\n\t\t\t\t\t<\/div>\n\t\t\t\t<\/div>\n\t\t<div class=\"elementor-element elementor-element-f07fd89 e-flex e-con-boxed e-con e-parent\" data-id=\"f07fd89\" data-element_type=\"container\">\n\t\t\t\t\t<div class=\"e-con-inner\">\n\t\t\t\t<div class=\"elementor-element elementor-element-4a49fa2 elementor-widget elementor-widget-text-editor\" data-id=\"4a49fa2\" data-element_type=\"widget\" data-widget_type=\"text-editor.default\">\n\t\t\t\t<div class=\"elementor-widget-container\">\n\t\t\t\t\t\t\t\t\t<h2 id=\"m46\">Diensteanbieter<\/h2><p>SpinLights GbR (Christopher Bu\u00df Patrick Thiel) B\u00e4rnreuth 65<\/p><p>95460 Bad Berneck<\/p><p>Deutschland<\/p><h2 id=\"m56\">Kontaktm\u00f6glichkeiten<\/h2><p>E-Mail-Adresse: <a href=\"mailto:info@spinlights.de\">info@spinlights.de<\/a><\/p><p>Kontaktformular: <a href=\"https:\/\/spinlights.de\/?page_id=20\" target=\"_blank\" rel=\"noopener\">https:\/\/spinlights.de\/?page_id=20<\/a><\/p><p>\u00a0<\/p><p>\u00a0<\/p><p class=\"seal\"><a title=\"Rechtstext von Dr. Schwenke - f\u00fcr weitere Informationen bitte anklicken.\" href=\"https:\/\/datenschutz-generator.de\/\" target=\"_blank\" rel=\"noopener noreferrer nofollow\">Erstellt mit kostenlosem Datenschutz-Generator.de von Dr. Thomas Schwenke<\/a><\/p>\t\t\t\t\t\t\t\t<\/div>\n\t\t\t\t<\/div>\n\t\t\t\t\t<\/div>\n\t\t\t\t<\/div>\n\t\t\t\t<\/div>\n\t\t","protected":false},"excerpt":{"rendered":"<p>Impressum Diensteanbieter SpinLights GbR (Christopher Bu\u00df Patrick Thiel) B\u00e4rnreuth 65 95460 Bad Berneck Deutschland Kontaktm\u00f6glichkeiten E-Mail-Adresse: info@spinlights.de Kontaktformular: https:\/\/spinlights.de\/?page_id=20 \u00a0 \u00a0 Erstellt mit kostenlosem Datenschutz-Generator.de von Dr. Thomas Schwenke<\/p>\n","protected":false},"author":1,"featured_media":0,"parent":0,"menu_order":0,"comment_status":"closed","ping_status":"closed","template":"","meta":{"footnotes":""},"_links":{"self":[{"href":"https:\/\/spinlights.de\/index.php?rest_route=\/wp\/v2\/pages\/55"}],"collection":[{"href":"https:\/\/spinlights.de\/index.php?rest_route=\/wp\/v2\/pages"}],"about":[{"href":"https:\/\/spinlights.de\/index.php?rest_route=\/wp\/v2\/types\/page"}],"author":[{"embeddable":true,"href":"https:\/\/spinlights.de\/index.php?rest_route=\/wp\/v2\/users\/1"}],"replies":[{"embeddable":true,"href":"https:\/\/spinlights.de\/index.php?rest_route=%2Fwp%2Fv2%2Fcomments&post=55"}],"version-history":[{"count":13,"href":"https:\/\/spinlights.de\/index.php?rest_route=\/wp\/v2\/pages\/55\/revisions"}],"predecessor-version":[{"id":118,"href":"https:\/\/spinlights.de\/index.php?rest_route=\/wp\/v2\/pages\/55\/revisions\/118"}],"wp:attachment":[{"href":"https:\/\/spinlights.de\/index.php?rest_route=%2Fwp%2Fv2%2Fmedia&parent=55"}],"curies":[{"name":"wp","href":"https:\/\/api.w.org\/{rel}","templated":true}]}}